{"id":2099,"date":"2024-05-01T12:31:10","date_gmt":"2024-05-01T10:31:10","guid":{"rendered":"https:\/\/www.floorroom.es\/sobre-nosotros\/"},"modified":"2024-06-20T14:01:52","modified_gmt":"2024-06-20T12:01:52","slug":"sobre-nosotros","status":"publish","type":"page","link":"https:\/\/www.floorroom.es\/es\/sobre-nosotros\/","title":{"rendered":"SOBRE NOSOTROS"},"content":{"rendered":"\n<div style=\"height:160px\" aria-hidden=\"true\" class=\"wp-block-spacer\"><\/div>\n\n<h2 class=\"wp-block-heading has-text-align-center has-text-color has-link-color wp-elements-c85099f8d81b4afbe7d78a02be24e6c8\" style=\"color:#816262\"><strong>SOBRE<\/strong> FLOOR ROOM<\/h2>\n\n<div style=\"height:40px\" aria-hidden=\"true\" class=\"wp-block-spacer\"><\/div>\n\n<div class=\"wp-block-columns is-layout-flex wp-container-core-columns-is-layout-9d6595d7 wp-block-columns-is-layout-flex\">\n<div class=\"wp-block-column is-layout-flow wp-block-column-is-layout-flow\">\n<p>Somos una empresa Noruega establecida en Oslo. La empresa, Flotte Gulv AS, se fund\u00f3 en 2007.<\/p>\n\n\n\n<p>Debido a la gran demanda en Marbella, por fin hemos encontrado la sala de exposici\u00f3n perfecta de 550 m2 en Puerto Ban\u00fas, justo al lado de Super Cor. Recientemente hemos renovado la sala de exposici\u00f3n con nuestros suelos de madera de alta calidad de Hakwood.<\/p>\n\n\n\n<p>Hakwood es una de las principales f\u00e1bricas de suelos de Europa, y es una empresa tradicional y puramente familiar. La f\u00e1brica est\u00e1 situada en los Pa\u00edses Bajos, con m\u00e1s de 45 a\u00f1os de experiencia. Queremos ofrecer productos y servicios \u00fanicos en un mercado con mucha producci\u00f3n en serie y \u00absoluciones f\u00e1ciles\u00bb. Apostamos por la calidad y el dise\u00f1o. Por ello, todos nuestros proveedores son seleccionados cuidadosamente, y estamos orgullosos de ser los \u00fanicos representantes de la prestigiosa marca Hakwood. www.Hakwood.com<\/p>\n\n\n\n<p>Le invitamos a visitar nuestra sala de exposici\u00f3n en Puerto Ban\u00fas, Marbella. Aqu\u00ed recibir\u00e1 orientaci\u00f3n experta y buenos consejos sobre suelos y dise\u00f1o de interiores. Encontrar\u00e1 mucha inspiraci\u00f3n en nuestra exposici\u00f3n, que se actualiza constantemente.<\/p>\n\n\n<div class=\"wp-block-image\">\n<figure class=\"aligncenter size-large is-resized\"><img loading=\"lazy\" decoding=\"async\" width=\"1024\" height=\"684\" src=\"https:\/\/www.floorroom.es\/wp-content\/uploads\/2024\/06\/DSC_6670web-1-1024x684.jpg\" alt=\"\" class=\"wp-image-1634\" style=\"aspect-ratio:1.7777777777777777;object-fit:cover;width:994px;height:auto\" srcset=\"https:\/\/www.floorroom.es\/wp-content\/uploads\/2024\/06\/DSC_6670web-1-1024x684.jpg 1024w, https:\/\/www.floorroom.es\/wp-content\/uploads\/2024\/06\/DSC_6670web-1-300x200.jpg 300w, https:\/\/www.floorroom.es\/wp-content\/uploads\/2024\/06\/DSC_6670web-1-768x513.jpg 768w, https:\/\/www.floorroom.es\/wp-content\/uploads\/2024\/06\/DSC_6670web-1-1536x1025.jpg 1536w, https:\/\/www.floorroom.es\/wp-content\/uploads\/2024\/06\/DSC_6670web-1.jpg 1925w\" sizes=\"auto, (max-width: 1024px) 100vw, 1024px\" \/><\/figure>\n<\/div>\n\n\n<p><\/p>\n<\/div>\n<\/div>\n\n<div style=\"height:30px\" aria-hidden=\"true\" class=\"wp-block-spacer\"><\/div>\n\n<p><\/p>\n\n<h2 class=\"wp-block-heading has-text-color has-link-color wp-elements-8ff38a4f99406e53daf51e9d98e4b5c5\" style=\"color:#936666ba\">NUESTRO EQUIPO<\/h2>\n\n<p>La marca del showroom es Floor Room Marbella. Nuestros empleados son tanto escandinavos como espa\u00f1oles. <\/p>\n\n<h6 class=\"wp-block-heading has-text-align-center has-medium-font-size\"> CLAES DOGGER<\/h6>\n\n<p class=\"has-text-align-center\">Director <\/p>\n\n<p class=\"has-text-align-center has-small-font-size\"> claes@flottegulv.no<\/p>\n\n<h6 class=\"wp-block-heading has-text-align-center has-medium-font-size\"> IRIS LIRIANO <\/h6>\n\n<p class=\"has-text-align-center\">Dise\u00f1o de interiores<\/p>\n\n<p class=\"has-text-align-center has-small-font-size\"> iris@floorroom.es<\/p>\n\n<h6 class=\"wp-block-heading has-text-align-center has-medium-font-size\"> JORGE CASAS<\/h6>\n\n<p class=\"has-text-align-center\">Asesor Comercial<\/p>\n\n<p class=\"has-text-align-center has-small-font-size\"> jorge@floorroom.es<\/p>\n\n<figure class=\"wp-block-gallery has-nested-images columns-default is-cropped wp-block-gallery-1 is-layout-flex wp-block-gallery-is-layout-flex\"><\/figure>\n","protected":false},"excerpt":{"rendered":"<p>SOBRE FLOOR ROOM Somos una empresa Noruega establecida en Oslo. La empresa, Flotte Gulv AS, se fund\u00f3 en 2007. Debido a la gran demanda en Marbella, por fin hemos encontrado la sala de exposici\u00f3n perfecta de 550 m2 en Puerto Ban\u00fas, justo al lado de Super Cor. Recientemente hemos renovado la sala de exposici\u00f3n con [&hellip;]<\/p>\n","protected":false},"author":1,"featured_media":0,"parent":0,"menu_order":0,"comment_status":"closed","ping_status":"closed","template":"","meta":{"_acf_changed":false,"_joinchat":[],"footnotes":""},"class_list":["post-2099","page","type-page","status-publish","hentry"],"acf":[],"yoast_head":"<!-- This site is optimized with the Yoast SEO plugin v27.0 - https:\/\/yoast.com\/product\/yoast-seo-wordpress\/ -->\n<title>SOBRE NOSOTROS - Floor Room<\/title>\n<meta name=\"robots\" content=\"index, follow, max-snippet:-1, max-image-preview:large, max-video-preview:-1\" \/>\n<link rel=\"canonical\" href=\"https:\/\/www.floorroom.es\/es\/sobre-nosotros\/\" \/>\n<meta property=\"og:locale\" content=\"es_ES\" \/>\n<meta property=\"og:type\" content=\"article\" \/>\n<meta property=\"og:title\" content=\"SOBRE NOSOTROS - Floor Room\" \/>\n<meta property=\"og:description\" content=\"SOBRE FLOOR ROOM Somos una empresa Noruega establecida en Oslo. La empresa, Flotte Gulv AS, se fund\u00f3 en 2007. Debido a la gran demanda en Marbella, por fin hemos encontrado la sala de exposici\u00f3n perfecta de 550 m2 en Puerto Ban\u00fas, justo al lado de Super Cor. Recientemente hemos renovado la sala de exposici\u00f3n con [&hellip;]\" \/>\n<meta property=\"og:url\" content=\"https:\/\/www.floorroom.es\/es\/sobre-nosotros\/\" \/>\n<meta property=\"og:site_name\" content=\"Floor Room\" \/>\n<meta property=\"article:modified_time\" content=\"2024-06-20T12:01:52+00:00\" \/>\n<meta property=\"og:image\" content=\"https:\/\/www.floorroom.es\/wp-content\/uploads\/2024\/06\/DSC_6670web-1-1024x684.jpg\" \/>\n<meta name=\"twitter:card\" content=\"summary_large_image\" \/>\n<meta name=\"twitter:label1\" content=\"Tiempo de lectura\" \/>\n\t<meta name=\"twitter:data1\" content=\"1 minuto\" \/>\n<script type=\"application\/ld+json\" class=\"yoast-schema-graph\">{\"@context\":\"https:\/\/schema.org\",\"@graph\":[{\"@type\":\"WebPage\",\"@id\":\"https:\/\/www.floorroom.es\/es\/sobre-nosotros\/\",\"url\":\"https:\/\/www.floorroom.es\/es\/sobre-nosotros\/\",\"name\":\"SOBRE NOSOTROS - Floor Room\",\"isPartOf\":{\"@id\":\"https:\/\/www.floorroom.es\/es\/#website\"},\"primaryImageOfPage\":{\"@id\":\"https:\/\/www.floorroom.es\/es\/sobre-nosotros\/#primaryimage\"},\"image\":{\"@id\":\"https:\/\/www.floorroom.es\/es\/sobre-nosotros\/#primaryimage\"},\"thumbnailUrl\":\"https:\/\/www.floorroom.es\/wp-content\/uploads\/2024\/06\/DSC_6670web-1-1024x684.jpg\",\"datePublished\":\"2024-05-01T10:31:10+00:00\",\"dateModified\":\"2024-06-20T12:01:52+00:00\",\"breadcrumb\":{\"@id\":\"https:\/\/www.floorroom.es\/es\/sobre-nosotros\/#breadcrumb\"},\"inLanguage\":\"es\",\"potentialAction\":[{\"@type\":\"ReadAction\",\"target\":[\"https:\/\/www.floorroom.es\/es\/sobre-nosotros\/\"]}]},{\"@type\":\"ImageObject\",\"inLanguage\":\"es\",\"@id\":\"https:\/\/www.floorroom.es\/es\/sobre-nosotros\/#primaryimage\",\"url\":\"https:\/\/www.floorroom.es\/wp-content\/uploads\/2024\/06\/DSC_6670web-1-1024x684.jpg\",\"contentUrl\":\"https:\/\/www.floorroom.es\/wp-content\/uploads\/2024\/06\/DSC_6670web-1-1024x684.jpg\"},{\"@type\":\"BreadcrumbList\",\"@id\":\"https:\/\/www.floorroom.es\/es\/sobre-nosotros\/#breadcrumb\",\"itemListElement\":[{\"@type\":\"ListItem\",\"position\":1,\"name\":\"Home\",\"item\":\"https:\/\/www.floorroom.es\/es\/\"},{\"@type\":\"ListItem\",\"position\":2,\"name\":\"SOBRE NOSOTROS\"}]},{\"@type\":\"WebSite\",\"@id\":\"https:\/\/www.floorroom.es\/es\/#website\",\"url\":\"https:\/\/www.floorroom.es\/es\/\",\"name\":\"Floor Room\",\"description\":\"Design premium wood flooring\",\"publisher\":{\"@id\":\"https:\/\/www.floorroom.es\/es\/#organization\"},\"potentialAction\":[{\"@type\":\"SearchAction\",\"target\":{\"@type\":\"EntryPoint\",\"urlTemplate\":\"https:\/\/www.floorroom.es\/es\/?s={search_term_string}\"},\"query-input\":{\"@type\":\"PropertyValueSpecification\",\"valueRequired\":true,\"valueName\":\"search_term_string\"}}],\"inLanguage\":\"es\"},{\"@type\":\"Organization\",\"@id\":\"https:\/\/www.floorroom.es\/es\/#organization\",\"name\":\"Floor Room\",\"url\":\"https:\/\/www.floorroom.es\/es\/\",\"logo\":{\"@type\":\"ImageObject\",\"inLanguage\":\"es\",\"@id\":\"https:\/\/www.floorroom.es\/es\/#\/schema\/logo\/image\/\",\"url\":\"https:\/\/www.floorroom.es\/wp-content\/uploads\/2024\/05\/logo.jpeg\",\"contentUrl\":\"https:\/\/www.floorroom.es\/wp-content\/uploads\/2024\/05\/logo.jpeg\",\"width\":487,\"height\":504,\"caption\":\"Floor Room\"},\"image\":{\"@id\":\"https:\/\/www.floorroom.es\/es\/#\/schema\/logo\/image\/\"}}]}<\/script>\n<!-- \/ Yoast SEO plugin. -->","yoast_head_json":{"title":"SOBRE NOSOTROS - Floor Room","robots":{"index":"index","follow":"follow","max-snippet":"max-snippet:-1","max-image-preview":"max-image-preview:large","max-video-preview":"max-video-preview:-1"},"canonical":"https:\/\/www.floorroom.es\/es\/sobre-nosotros\/","og_locale":"es_ES","og_type":"article","og_title":"SOBRE NOSOTROS - Floor Room","og_description":"SOBRE FLOOR ROOM Somos una empresa Noruega establecida en Oslo. La empresa, Flotte Gulv AS, se fund\u00f3 en 2007. Debido a la gran demanda en Marbella, por fin hemos encontrado la sala de exposici\u00f3n perfecta de 550 m2 en Puerto Ban\u00fas, justo al lado de Super Cor. Recientemente hemos renovado la sala de exposici\u00f3n con [&hellip;]","og_url":"https:\/\/www.floorroom.es\/es\/sobre-nosotros\/","og_site_name":"Floor Room","article_modified_time":"2024-06-20T12:01:52+00:00","og_image":[{"url":"https:\/\/www.floorroom.es\/wp-content\/uploads\/2024\/06\/DSC_6670web-1-1024x684.jpg","type":"","width":"","height":""}],"twitter_card":"summary_large_image","twitter_misc":{"Tiempo de lectura":"1 minuto"},"schema":{"@context":"https:\/\/schema.org","@graph":[{"@type":"WebPage","@id":"https:\/\/www.floorroom.es\/es\/sobre-nosotros\/","url":"https:\/\/www.floorroom.es\/es\/sobre-nosotros\/","name":"SOBRE NOSOTROS - Floor Room","isPartOf":{"@id":"https:\/\/www.floorroom.es\/es\/#website"},"primaryImageOfPage":{"@id":"https:\/\/www.floorroom.es\/es\/sobre-nosotros\/#primaryimage"},"image":{"@id":"https:\/\/www.floorroom.es\/es\/sobre-nosotros\/#primaryimage"},"thumbnailUrl":"https:\/\/www.floorroom.es\/wp-content\/uploads\/2024\/06\/DSC_6670web-1-1024x684.jpg","datePublished":"2024-05-01T10:31:10+00:00","dateModified":"2024-06-20T12:01:52+00:00","breadcrumb":{"@id":"https:\/\/www.floorroom.es\/es\/sobre-nosotros\/#breadcrumb"},"inLanguage":"es","potentialAction":[{"@type":"ReadAction","target":["https:\/\/www.floorroom.es\/es\/sobre-nosotros\/"]}]},{"@type":"ImageObject","inLanguage":"es","@id":"https:\/\/www.floorroom.es\/es\/sobre-nosotros\/#primaryimage","url":"https:\/\/www.floorroom.es\/wp-content\/uploads\/2024\/06\/DSC_6670web-1-1024x684.jpg","contentUrl":"https:\/\/www.floorroom.es\/wp-content\/uploads\/2024\/06\/DSC_6670web-1-1024x684.jpg"},{"@type":"BreadcrumbList","@id":"https:\/\/www.floorroom.es\/es\/sobre-nosotros\/#breadcrumb","itemListElement":[{"@type":"ListItem","position":1,"name":"Home","item":"https:\/\/www.floorroom.es\/es\/"},{"@type":"ListItem","position":2,"name":"SOBRE NOSOTROS"}]},{"@type":"WebSite","@id":"https:\/\/www.floorroom.es\/es\/#website","url":"https:\/\/www.floorroom.es\/es\/","name":"Floor Room","description":"Design premium wood flooring","publisher":{"@id":"https:\/\/www.floorroom.es\/es\/#organization"},"potentialAction":[{"@type":"SearchAction","target":{"@type":"EntryPoint","urlTemplate":"https:\/\/www.floorroom.es\/es\/?s={search_term_string}"},"query-input":{"@type":"PropertyValueSpecification","valueRequired":true,"valueName":"search_term_string"}}],"inLanguage":"es"},{"@type":"Organization","@id":"https:\/\/www.floorroom.es\/es\/#organization","name":"Floor Room","url":"https:\/\/www.floorroom.es\/es\/","logo":{"@type":"ImageObject","inLanguage":"es","@id":"https:\/\/www.floorroom.es\/es\/#\/schema\/logo\/image\/","url":"https:\/\/www.floorroom.es\/wp-content\/uploads\/2024\/05\/logo.jpeg","contentUrl":"https:\/\/www.floorroom.es\/wp-content\/uploads\/2024\/05\/logo.jpeg","width":487,"height":504,"caption":"Floor Room"},"image":{"@id":"https:\/\/www.floorroom.es\/es\/#\/schema\/logo\/image\/"}}]}},"_links":{"self":[{"href":"https:\/\/www.floorroom.es\/es\/wp-json\/wp\/v2\/pages\/2099","targetHints":{"allow":["GET"]}}],"collection":[{"href":"https:\/\/www.floorroom.es\/es\/wp-json\/wp\/v2\/pages"}],"about":[{"href":"https:\/\/www.floorroom.es\/es\/wp-json\/wp\/v2\/types\/page"}],"author":[{"embeddable":true,"href":"https:\/\/www.floorroom.es\/es\/wp-json\/wp\/v2\/users\/1"}],"replies":[{"embeddable":true,"href":"https:\/\/www.floorroom.es\/es\/wp-json\/wp\/v2\/comments?post=2099"}],"version-history":[{"count":2,"href":"https:\/\/www.floorroom.es\/es\/wp-json\/wp\/v2\/pages\/2099\/revisions"}],"predecessor-version":[{"id":2141,"href":"https:\/\/www.floorroom.es\/es\/wp-json\/wp\/v2\/pages\/2099\/revisions\/2141"}],"wp:attachment":[{"href":"https:\/\/www.floorroom.es\/es\/wp-json\/wp\/v2\/media?parent=2099"}],"curies":[{"name":"wp","href":"https:\/\/api.w.org\/{rel}","templated":true}]}}